{"id":56,"date":"2017-12-12T10:55:12","date_gmt":"2017-12-12T14:55:12","guid":{"rendered":"http:\/\/ayuntamiento.guineo\/transparencia\/?page_id=56"},"modified":"2023-04-04T12:45:51","modified_gmt":"2023-04-04T16:45:51","slug":"derechos-de-los-ciudadanos","status":"publish","type":"page","link":"https:\/\/ayuntamientocayetanogermosen.gob.do\/transparencia\/derechos-de-los-ciudadanos\/","title":{"rendered":"Derechos de los Ciudadanos"},"content":{"rendered":"<ol>\n<li><strong>SOLICITAR:<\/strong> Informaci\u00f3n de cualquier \u00f3rgano del Estado Dominicano y de todas las sociedades an\u00f3nimas, compa\u00f1\u00edas an\u00f3nimas o compa\u00f1\u00edas por acciones con participaci\u00f3n estatal.<\/li>\n<li><strong>RECIBIR:<\/strong> Informaci\u00f3n completa, veraz, adecuada y oportuna de cualquier \u00f3rgano del Estado Dominicano y de todas las sociedades an\u00f3nimas, compa\u00f1\u00edas an\u00f3nimas o compa\u00f1\u00edas por acciones con participaci\u00f3n estatal.<\/li>\n<li><strong>ACCESO:<\/strong> Gratuito a la informaci\u00f3n en tanto que no se requiera reproducci\u00f3n de la misma.<\/li>\n<li><strong>SOLICITAR:<\/strong> Recibir y difundir informaciones pertenecientes a la administraci\u00f3n del Estado.<\/li>\n<li><strong>CONOCER:<\/strong> Los proyectos de reglamentos y otras disposiciones de car\u00e1cter general que rigen las relaciones entre los particulares y la administraci\u00f3n.<\/li>\n<li><strong>OPINAR:<\/strong> Sobre los proyectos de reglamentos y otras disposiciones de car\u00e1cter general que rigen las relaciones entre los particulares y la administraci\u00f3n.<\/li>\n<li><strong>OBTENER:<\/strong> Informaci\u00f3n sobre los servicios que ofrece el Estado y sus tarifas.<\/li>\n<li><strong>SABER:<\/strong> La estructura, integrantes, normativas de funcionamiento, proyectos, informes de gesti\u00f3n, y bases de datos de la administraci\u00f3n p\u00fablica.<\/li>\n<li><strong>CONOCER:<\/strong> Sobre los presupuestos y c\u00e1lculos de recursos y gastos aprobados, su evoluci\u00f3n y estado de ejecuci\u00f3n.<\/li>\n<li><strong>TENER:<\/strong> Informaci\u00f3n sobre los programas y proyectos, sus presupuestos, plazos, ejecuci\u00f3n y supervisi\u00f3n.<\/li>\n<li><strong>ESTAR:<\/strong> Al tanto sobra las licitaciones, concursos, compras, gastos y resultados.<\/li>\n<li><strong>ACCEDER:<\/strong> A la n\u00f3mina del estado y sus remuneraciones.<\/li>\n<li><strong>CONOCER:<\/strong> La declaraci\u00f3n jurada patrimonial de los funcionarios del Estado cuando su presentaci\u00f3n corresponda por la ley.<\/li>\n<li><strong>RECIBIR:<\/strong> Informaci\u00f3n sobre el listado de beneficiarios de programas asistenciales, subsidios, becas, jubilaciones, pensiones y retiros.<\/li>\n<li><strong>SABER:<\/strong> Sobre el estado de cuantas de la deuda p\u00fablica, su vencimiento y pagos.<\/li>\n<li>BUSCAR: Las leyes, decretos, resoluciones, disposiciones, marcos regulatorios y cualquier tipo de normativa.<\/li>\n<li><strong>SOLICITAR Y RECIBIR:<\/strong> Oportunamente cualquier tipo de documentaci\u00f3n financiera relativa al presupuesto p\u00fablico.<\/li>\n<\/ol>\n<blockquote><p>En cumplimiento a la <strong>Ley 200-04<\/strong> y el <strong>Decreto 130-05<\/strong>, el acceso a la informaci\u00f3n se har\u00e1 efectivo siempre y cuando no afecte la seguridad nacional, el orden p\u00fablico, la salud o la moral p\u00fablica o el derecho a la privacidad e intimidad de un tercero o el derecho a la reputaci\u00f3n de los dem\u00e1s.<\/p><\/blockquote>\n","protected":false},"excerpt":{"rendered":"SOLICITAR: Informaci\u00f3n de cualquier \u00f3rgano del Estado Dominicano y de todas las sociedades an\u00f3nimas, compa\u00f1\u00edas an\u00f3nimas o compa\u00f1\u00edas por acciones con participaci\u00f3n estatal. RECIBIR: Informaci\u00f3n completa, veraz, adecuada y oportuna de cualquier \u00f3rgano del Estado Dominicano y de todas las sociedades an\u00f3nimas, compa\u00f1\u00edas an\u00f3nimas o compa\u00f1\u00edas por acciones con participaci\u00f3n estatal. ACCESO: Gratuito a la&#8230;","protected":false},"author":5,"featured_media":0,"parent":0,"menu_order":0,"comment_status":"closed","ping_status":"closed","template":"","meta":[],"acf":[],"_links":{"self":[{"href":"https:\/\/ayuntamientocayetanogermosen.gob.do\/transparencia\/wp-json\/wp\/v2\/pages\/56"}],"collection":[{"href":"https:\/\/ayuntamientocayetanogermosen.gob.do\/transparencia\/wp-json\/wp\/v2\/pages"}],"about":[{"href":"https:\/\/ayuntamientocayetanogermosen.gob.do\/transparencia\/wp-json\/wp\/v2\/types\/page"}],"author":[{"embeddable":true,"href":"https:\/\/ayuntamientocayetanogermosen.gob.do\/transparencia\/wp-json\/wp\/v2\/users\/5"}],"replies":[{"embeddable":true,"href":"https:\/\/ayuntamientocayetanogermosen.gob.do\/transparencia\/wp-json\/wp\/v2\/comments?post=56"}],"version-history":[{"count":2,"href":"https:\/\/ayuntamientocayetanogermosen.gob.do\/transparencia\/wp-json\/wp\/v2\/pages\/56\/revisions"}],"predecessor-version":[{"id":3045,"href":"https:\/\/ayuntamientocayetanogermosen.gob.do\/transparencia\/wp-json\/wp\/v2\/pages\/56\/revisions\/3045"}],"wp:attachment":[{"href":"https:\/\/ayuntamientocayetanogermosen.gob.do\/transparencia\/wp-json\/wp\/v2\/media?parent=56"}],"curies":[{"name":"wp","href":"https:\/\/api.w.org\/{rel}","templated":true}]}}